{"id":406,"date":"2016-09-27T09:51:22","date_gmt":"2016-09-27T07:51:22","guid":{"rendered":"http:\/\/fitness2.mythemecloud.io\/?page_id=406"},"modified":"2024-01-25T17:32:30","modified_gmt":"2024-01-25T16:32:30","slug":"a-propos-de-lauriane-gardet","status":"publish","type":"page","link":"https:\/\/www.sophrologie-gardet.com\/index.php\/a-propos-de-lauriane-gardet\/","title":{"rendered":"A propos de Lauriane Gardet"},"content":{"rendered":"\t\t<div data-elementor-type=\"wp-post\" data-elementor-id=\"406\" class=\"elementor elementor-406\">\n\t\t\t\t\t\t<section class=\"elementor-section elementor-top-section elementor-element elementor-element-ybrx6zd elementor-section-content-middle elementor-section-boxed elementor-section-height-default elementor-section-height-default\" data-id=\"ybrx6zd\" data-element_type=\"section\" data-e-type=\"section\" data-settings=\"{&quot;background_background&quot;:&quot;classic&quot;}\">\n\t\t\t\t\t\t<div class=\"elementor-container elementor-column-gap-default\">\n\t\t\t\t\t<div class=\"elementor-column elementor-col-50 elementor-top-column elementor-element elementor-element-nm7wyr2\" data-id=\"nm7wyr2\" data-element_type=\"column\" data-e-type=\"column\">\n\t\t\t<div class=\"elementor-widget-wrap elementor-element-populated\">\n\t\t\t\t\t\t<div class=\"elementor-element elementor-element-shc2be8 elementor-widget elementor-widget-image\" data-id=\"shc2be8\" data-element_type=\"widget\" data-e-type=\"widget\" data-widget_type=\"image.default\">\n\t\t\t\t<div class=\"elementor-widget-container\">\n\t\t\t\t\t\t\t\t\t\t\t\t\t\t\t<img decoding=\"async\" src=\"https:\/\/i0.wp.com\/www.sophrologie-gardet.com\/wp-content\/uploads\/2019\/02\/DSCF9688.jpg?fit=2592%2C1944&#038;ssl=1\" title=\"Lauriane Gardet Sophrologue\" alt=\"Sophrologue, sophrologie, tensions, sommeil, examens, entretien, sport, addictions, paix, relaxation, bien \u00eatre, d\u00e9tente, harmonie, stress, s\u00e9r\u00e9nit\u00e9, respiration, joie, respect, valeurs, amour, confiance, gai, enfants, adolescents, adultes, grossesse, science, nature, Caycedo, calme, harmony, serenity, love, be well, trust, breathe, calm, sophrology, peace.\" loading=\"lazy\" \/>\t\t\t\t\t\t\t\t\t\t\t\t\t\t\t<\/div>\n\t\t\t\t<\/div>\n\t\t\t\t<div class=\"elementor-element elementor-element-5fba0c1 elementor-widget elementor-widget-image\" data-id=\"5fba0c1\" data-element_type=\"widget\" data-e-type=\"widget\" data-widget_type=\"image.default\">\n\t\t\t\t<div class=\"elementor-widget-container\">\n\t\t\t\t\t\t\t\t\t\t\t\t<figure class=\"wp-caption\">\n\t\t\t\t\t\t\t\t\t\t<img fetchpriority=\"high\" decoding=\"async\" data-attachment-id=\"1191\" data-permalink=\"https:\/\/www.sophrologie-gardet.com\/index.php\/a-propos-de-lauriane-gardet\/photo-moi-et-nathalia-retouche\/\" data-orig-file=\"https:\/\/i0.wp.com\/www.sophrologie-gardet.com\/wp-content\/uploads\/2019\/03\/photo-moi-et-Nathalia-retouch%C3%A9.jpg?fit=1442%2C1173&amp;ssl=1\" data-orig-size=\"1442,1173\" data-comments-opened=\"1\" data-image-meta=\"{&quot;aperture&quot;:&quot;0&quot;,&quot;credit&quot;:&quot;&quot;,&quot;camera&quot;:&quot;&quot;,&quot;caption&quot;:&quot;&quot;,&quot;created_timestamp&quot;:&quot;0&quot;,&quot;copyright&quot;:&quot;&quot;,&quot;focal_length&quot;:&quot;0&quot;,&quot;iso&quot;:&quot;0&quot;,&quot;shutter_speed&quot;:&quot;0&quot;,&quot;title&quot;:&quot;&quot;,&quot;orientation&quot;:&quot;1&quot;}\" data-image-title=\"photo moi et Nathalia retouch\u00e9\" data-image-description=\"&lt;p&gt;Nathalia Caycedo, s\u00e9minaire de sophrologie, sofrocay, bonheur,libert\u00e9, amour.&lt;\/p&gt;\n\" data-image-caption=\"&lt;p&gt;Sur la gauche, Nathalia Caycedo, la fille du fondateur de la m\u00e9thode, lors d&amp;rsquo;un s\u00e9minaire sofrocay en Espagne avec Lauriane Gardet.&lt;\/p&gt;\n\" data-large-file=\"https:\/\/i0.wp.com\/www.sophrologie-gardet.com\/wp-content\/uploads\/2019\/03\/photo-moi-et-Nathalia-retouch%C3%A9.jpg?fit=1024%2C833&amp;ssl=1\" width=\"1024\" height=\"833\" src=\"https:\/\/i0.wp.com\/www.sophrologie-gardet.com\/wp-content\/uploads\/2019\/03\/photo-moi-et-Nathalia-retouch%C3%A9.jpg?fit=1024%2C833&amp;ssl=1\" class=\"attachment-large size-large wp-image-1191\" alt=\"Nathalia Caycedo\" data-attachment-id=\"1191\" data-permalink=\"https:\/\/www.sophrologie-gardet.com\/index.php\/a-propos-de-lauriane-gardet\/photo-moi-et-nathalia-retouche\/\" data-orig-file=\"https:\/\/i0.wp.com\/www.sophrologie-gardet.com\/wp-content\/uploads\/2019\/03\/photo-moi-et-Nathalia-retouch%C3%A9.jpg?fit=1442%2C1173&amp;ssl=1\" data-orig-size=\"1442,1173\" data-comments-opened=\"1\" data-image-meta=\"{&quot;aperture&quot;:&quot;0&quot;,&quot;credit&quot;:&quot;&quot;,&quot;camera&quot;:&quot;&quot;,&quot;caption&quot;:&quot;&quot;,&quot;created_timestamp&quot;:&quot;0&quot;,&quot;copyright&quot;:&quot;&quot;,&quot;focal_length&quot;:&quot;0&quot;,&quot;iso&quot;:&quot;0&quot;,&quot;shutter_speed&quot;:&quot;0&quot;,&quot;title&quot;:&quot;&quot;,&quot;orientation&quot;:&quot;1&quot;}\" data-image-title=\"photo moi et Nathalia retouch\u00e9\" data-image-description=\"&lt;p&gt;Nathalia Caycedo, s\u00e9minaire de sophrologie, sofrocay, bonheur,libert\u00e9, amour.&lt;\/p&gt;\n\" data-image-caption=\"&lt;p&gt;Sur la gauche, Nathalia Caycedo, la fille du fondateur de la m\u00e9thode, lors d&amp;rsquo;un s\u00e9minaire sofrocay en Espagne avec Lauriane Gardet.&lt;\/p&gt;\n\" data-large-file=\"https:\/\/i0.wp.com\/www.sophrologie-gardet.com\/wp-content\/uploads\/2019\/03\/photo-moi-et-Nathalia-retouch%C3%A9.jpg?fit=1024%2C833&amp;ssl=1\" \/>\t\t\t\t\t\t\t\t\t\t\t<figcaption class=\"widget-image-caption wp-caption-text\">Sur la gauche, Nathalia Caycedo, la fille du fondateur de la m\u00e9thode, lors d'un s\u00e9minaire sofrocay en Espagne avec Lauriane Gardet.<\/figcaption>\n\t\t\t\t\t\t\t\t\t\t<\/figure>\n\t\t\t\t\t\t\t\t\t<\/div>\n\t\t\t\t<\/div>\n\t\t\t\t\t<\/div>\n\t\t<\/div>\n\t\t\t\t<div class=\"elementor-column elementor-col-50 elementor-top-column elementor-element elementor-element-r7gqrhq\" data-id=\"r7gqrhq\" data-element_type=\"column\" data-e-type=\"column\">\n\t\t\t<div class=\"elementor-widget-wrap elementor-element-populated\">\n\t\t\t\t\t\t<div class=\"elementor-element elementor-element-x4fpxui elementor-widget elementor-widget-text-editor\" data-id=\"x4fpxui\" data-element_type=\"widget\" data-e-type=\"widget\" data-widget_type=\"text-editor.default\">\n\t\t\t\t<div class=\"elementor-widget-container\">\n\t\t\t\t\t\t\t\t\t<p>Enseignante\u00a0 pendant plusieurs ann\u00e9es en France et \u00e0 l&rsquo;\u00e9tranger, j&rsquo;ai suivi diverses formations dans le domaine de la psychologie et le d\u00e9veloppement personnel.<\/p><p>En parall\u00e8le je pratiquais la sophrologie. Aussi, apr\u00e8s le cycle fondamental, il me semblait \u00e9vident d&rsquo;apprendre la m\u00e9thode du Professeur Caycedo (<a href=\"https:\/\/alfonsocaycedo.com\/\">Voir le site)<\/a> dans son int\u00e9gralit\u00e9.\u00a0<\/p><p>J&rsquo;ai donc poursuivi mes \u00e9tudes et obtenu mon Master Sp\u00e9cialiste en Sophrologie Cayc\u00e9dienne.<\/p><p>Plus qu&rsquo;une m\u00e9thode, la sophrologie est une science et une philosophie de vie. Je souhaite donc partager avec vous cet enseignement formidable, ainsi que diff\u00e9rentes techniques sp\u00e9cifiques pour vous accompagnez a atteindre vos objectifs.<\/p><p>Avoir une vie plus sereine, des \u00e9changes de qualit\u00e9s avec votre entourage, dans le domaine professionnel, familial, amical est possible avec la sophrologie.\u00a0 Exister en pleine conscience en se respectant soi m\u00eame, ses valeurs profondes est une des approches.<\/p><p>Pour cela, je peux vous recevoir \u00e0 mon cabinet dans la Dr\u00f4me, ou si besoin je peux me d\u00e9placer \u00e0 votre domicile.<\/p><p>Possibilit\u00e9 de s\u00e9ance par t\u00e9l\u00e9phone ou Skype. <a href=\"https:\/\/www.sophrologie-gardet.com\/index.php\/contact\/\">Pour me contacter.<\/a><\/p><p>During a lot of years, I was teacher, and I had learnt\u00a0 different courses in psychology and personal development. In the same time I practiced the Sophrology.<\/p><p>After the Fundamental cycle, it was an evident for me to learn all the Professor Caycedo &lsquo;s (<a href=\"https:\/\/alfonsocaycedo.com\/\">see the web site<\/a>) the founder of the sophrology)\u00a0 methodology.\u00a0 So, I have passed my Master Specialist Caycedien&rsquo;s Sophrology.<\/p><p>The Sophrology is more than a methodology. It&rsquo;s a science and a\u00a0 philosophy of life. I would like to share with you this amazing science and different specific technic\u00a0 and help you to achive yours goals.<\/p><p>Have a better life with serenity, improving\u00a0 great relashionship\u00a0 at work, with your family, friends, etc, this is possible with sophrology&#8230; Existing in full Awareness, respect yourself with with your core values is also a possible aim.<\/p><p>I can welcome you in my office in Drome, I could go to your home in certain circumstances.<\/p><p>It&rsquo;s also possible to have a session on phone or Skype.<\/p><p><a href=\"https:\/\/www.sophrologie-gardet.com\/index.php\/contact\/\">To contact me&#8230;<\/a><\/p>\t\t\t\t\t\t\t\t<\/div>\n\t\t\t\t<\/div>\n\t\t\t\t\t<\/div>\n\t\t<\/div>\n\t\t\t\t\t<\/div>\n\t\t<\/section>\n\t\t\t\t<section class=\"elementor-section elementor-top-section elementor-element elementor-element-qod0lr5 elementor-section-boxed elementor-section-height-default elementor-section-height-default\" data-id=\"qod0lr5\" data-element_type=\"section\" data-e-type=\"section\">\n\t\t\t\t\t\t<div class=\"elementor-container elementor-column-gap-default\">\n\t\t\t\t\t<div class=\"elementor-column elementor-col-100 elementor-top-column elementor-element elementor-element-077q1uq\" data-id=\"077q1uq\" data-element_type=\"column\" data-e-type=\"column\">\n\t\t\t<div class=\"elementor-widget-wrap elementor-element-populated\">\n\t\t\t\t\t\t<div class=\"elementor-element elementor-element-5mtb8ja elementor-arrows-position-inside elementor-widget elementor-widget-image-carousel\" data-id=\"5mtb8ja\" data-element_type=\"widget\" data-e-type=\"widget\" data-settings=\"{&quot;slides_to_show&quot;:&quot;1&quot;,&quot;navigation&quot;:&quot;arrows&quot;,&quot;autoplay&quot;:&quot;yes&quot;,&quot;pause_on_hover&quot;:&quot;yes&quot;,&quot;pause_on_interaction&quot;:&quot;yes&quot;,&quot;autoplay_speed&quot;:5000,&quot;infinite&quot;:&quot;yes&quot;,&quot;effect&quot;:&quot;slide&quot;,&quot;speed&quot;:500}\" data-widget_type=\"image-carousel.default\">\n\t\t\t\t<div class=\"elementor-widget-container\">\n\t\t\t\t\t\t\t<div class=\"elementor-image-carousel-wrapper swiper\" role=\"region\" aria-roledescription=\"carousel\" aria-label=\"Carrousel d\u2019images\" dir=\"ltr\">\n\t\t\t<div class=\"elementor-image-carousel swiper-wrapper\" aria-live=\"off\">\n\t\t\t\t\t\t\t\t<div class=\"swiper-slide\" role=\"group\" aria-roledescription=\"slide\" aria-label=\"1 sur 1\"><figure class=\"swiper-slide-inner\"><img decoding=\"async\" class=\"swiper-slide-image\" src=\"https:\/\/i0.wp.com\/www.sophrologie-gardet.com\/wp-content\/uploads\/2019\/02\/20190130_140553.jpg?fit=2560%2C1920&amp;ssl=1\" alt=\"Je vous accueille \u00e0 mon cabinet dans la Dr\u00f4me.\" \/><figcaption class=\"elementor-image-carousel-caption\">Je vous accueille \u00e0 mon cabinet dans la Dr\u00f4me.<\/figcaption><\/figure><\/div>\t\t\t<\/div>\n\t\t\t\t\t<\/div>\n\t\t\t\t\t\t<\/div>\n\t\t\t\t<\/div>\n\t\t\t\t<div class=\"elementor-element elementor-element-17o73hd elementor-widget elementor-widget-spacer\" data-id=\"17o73hd\" data-element_type=\"widget\" data-e-type=\"widget\" data-widget_type=\"spacer.default\">\n\t\t\t\t<div class=\"elementor-widget-container\">\n\t\t\t\t\t\t\t<div class=\"elementor-spacer\">\n\t\t\t<div class=\"elementor-spacer-inner\"><\/div>\n\t\t<\/div>\n\t\t\t\t\t\t<\/div>\n\t\t\t\t<\/div>\n\t\t\t\t\t<\/div>\n\t\t<\/div>\n\t\t\t\t\t<\/div>\n\t\t<\/section>\n\t\t\t\t<\/div>\n\t\t","protected":false},"excerpt":{"rendered":"<p>Sur la gauche, Nathalia Caycedo, la fille du fondateur de la m\u00e9thode, lors d&rsquo;un s\u00e9minaire sofrocay en Espagne avec Lauriane Gardet. Enseignante\u00a0 pendant plusieurs ann\u00e9es en France et \u00e0 l&rsquo;\u00e9tranger, j&rsquo;ai suivi diverses formations dans le domaine de la psychologie et le d\u00e9veloppement personnel. En parall\u00e8le je pratiquais la sophrologie. Aussi, apr\u00e8s le cycle fondamental, [&hellip;]<\/p>\n","protected":false},"author":1,"featured_media":0,"parent":0,"menu_order":3,"comment_status":"closed","ping_status":"closed","template":"","meta":{"_monsterinsights_skip_tracking":false,"_monsterinsights_sitenote_active":false,"_monsterinsights_sitenote_note":"","_monsterinsights_sitenote_category":0,"jetpack_post_was_ever_published":false,"footnotes":""},"class_list":["post-406","page","type-page","status-publish","hentry","entry"],"aioseo_notices":[],"jetpack_sharing_enabled":true,"jetpack_shortlink":"https:\/\/wp.me\/PaKsFV-6y","jetpack-related-posts":[],"_links":{"self":[{"href":"https:\/\/www.sophrologie-gardet.com\/index.php\/wp-json\/wp\/v2\/pages\/406","targetHints":{"allow":["GET"]}}],"collection":[{"href":"https:\/\/www.sophrologie-gardet.com\/index.php\/wp-json\/wp\/v2\/pages"}],"about":[{"href":"https:\/\/www.sophrologie-gardet.com\/index.php\/wp-json\/wp\/v2\/types\/page"}],"author":[{"embeddable":true,"href":"https:\/\/www.sophrologie-gardet.com\/index.php\/wp-json\/wp\/v2\/users\/1"}],"replies":[{"embeddable":true,"href":"https:\/\/www.sophrologie-gardet.com\/index.php\/wp-json\/wp\/v2\/comments?post=406"}],"version-history":[{"count":94,"href":"https:\/\/www.sophrologie-gardet.com\/index.php\/wp-json\/wp\/v2\/pages\/406\/revisions"}],"predecessor-version":[{"id":1768,"href":"https:\/\/www.sophrologie-gardet.com\/index.php\/wp-json\/wp\/v2\/pages\/406\/revisions\/1768"}],"wp:attachment":[{"href":"https:\/\/www.sophrologie-gardet.com\/index.php\/wp-json\/wp\/v2\/media?parent=406"}],"curies":[{"name":"wp","href":"https:\/\/api.w.org\/{rel}","templated":true}]}}